{"id":9514,"date":"2020-11-07T17:29:47","date_gmt":"2020-11-07T14:29:47","guid":{"rendered":"http:\/\/mntn.fragrancetheme.com\/?page_id=7"},"modified":"2024-03-28T23:13:31","modified_gmt":"2024-03-28T23:13:31","slug":"home","status":"publish","type":"page","link":"https:\/\/mountainshilajit.no\/","title":{"rendered":"Home"},"content":{"rendered":"[vc_row full_height=&raquo;yes&raquo; css=&raquo;.vc_custom_1608824154582{background-position: center !important;background-repeat: no-repeat !important;background-size: cover !important;}&raquo;][vc_column]\n\t\t\t<!-- START Shilajit Slider REVOLUTION SLIDER 6.4.6 --><p class=\"rs-p-wp-fix\"><\/p>\n\t\t\t<rs-module-wrap id=\"rev_slider_1_1_wrapper\" data-source=\"gallery\" style=\"background:transparent;padding:0;\">\n\t\t\t\t<rs-module id=\"rev_slider_1_1\" style=\"\" data-version=\"6.4.6\">\n\t\t\t\t\t<rs-slides>\n\t\t\t\t\t\t<rs-slide data-key=\"rs-5\" data-title=\"Slide\" data-in=\"o:0;\" data-out=\"a:false;\" data-mediafilter=\"clarendon\">\n\t\t\t\t\t\t\t<img loading=\"lazy\" decoding=\"async\" src=\"\/\/mountainshilajit.no\/wp-content\/uploads\/revslider\/video-media\/shilajit-slider_5.jpeg\" title=\"shilajit-slider_5.jpeg\" width=\"1920\" height=\"1080\" class=\"rev-slidebg tp-rs-img\" data-no-retina>\n\t\t\t\t\t\t\t<rs-bgvideo \n\t\t\t\t\t\t\t\tdata-video=\"w:100%;h:100%;nse:false;l:true;ptimer:false;vfc:true;\"\n\t\t\t\t\t\t\t\tdata-mp4=\"\/\/mountainshilajit.no\/wp-content\/uploads\/2024\/03\/shilajit-slider.mp4\"\n\t\t\t\t\t\t\t><\/rs-bgvideo>\n<!--\n\t\t\t\t\t\t\t--><rs-layer\n\t\t\t\t\t\t\t\tid=\"slider-1-slide-5-layer-4\" \n\t\t\t\t\t\t\t\tdata-type=\"text\"\n\t\t\t\t\t\t\t\tdata-color=\"#0c0c0c\"\n\t\t\t\t\t\t\t\tdata-rsp_ch=\"on\"\n\t\t\t\t\t\t\t\tdata-xy=\"xo:625px,625px,404px,220px;yo:-74px,-74px,-47px,-25px;\"\n\t\t\t\t\t\t\t\tdata-text=\"w:nowrap;s:122,122,79,43;l:142,142,91,49;ls:-2,-2,0,0;fw:500;\"\n\t\t\t\t\t\t\t\tdata-dim=\"w:482,482,312,170;minh:0,0,none,none;\"\n\t\t\t\t\t\t\t\tdata-frame_999=\"o:0;st:w;\"\n\t\t\t\t\t\t\t\tstyle=\"z-index:6;font-family:Poppins;text-transform:uppercase;\"\n\t\t\t\t\t\t\t>SHILAJIT \n\t\t\t\t\t\t\t<\/rs-layer><!--\n\n\t\t\t\t\t\t\t--><rs-layer\n\t\t\t\t\t\t\t\tid=\"slider-1-slide-5-layer-6\" \n\t\t\t\t\t\t\t\tdata-type=\"text\"\n\t\t\t\t\t\t\t\tdata-rsp_ch=\"on\"\n\t\t\t\t\t\t\t\tdata-xy=\"xo:586px,586px,379px,207px;yo:48px,48px,30px,16px;\"\n\t\t\t\t\t\t\t\tdata-text=\"w:nowrap;s:31,31,19,10;l:55,55,34,18;ls:1,1,0,0;a:center;\"\n\t\t\t\t\t\t\t\tdata-dim=\"w:556px,556px,360px,196px;minh:0,0,none,none;\"\n\t\t\t\t\t\t\t\tdata-frame_999=\"o:0;st:w;\"\n\t\t\t\t\t\t\t\tstyle=\"z-index:8;font-family:Roboto;\"\n\t\t\t\t\t\t\t>Fra hjertet av Himalaya fjellene \n\t\t\t\t\t\t\t<\/rs-layer><!--\n-->\t\t\t\t\t\t<\/rs-slide>\n\t\t\t\t\t<\/rs-slides>\n\t\t\t\t\t<rs-static-layers><!--\n\n\t\t\t\t\t\t\t--><rs-layer\n\t\t\t\t\t\t\t\tid=\"slider-1-slide-1-layer-14\" \n\t\t\t\t\t\t\t\tclass=\"frgn_prev rs-layer-static\"\n\t\t\t\t\t\t\t\tdata-type=\"image\"\n\t\t\t\t\t\t\t\tdata-rsp_ch=\"on\"\n\t\t\t\t\t\t\t\tdata-xy=\"x:r;y:m;yo:80px;\"\n\t\t\t\t\t\t\t\tdata-text=\"l:22;a:inherit;\"\n\t\t\t\t\t\t\t\tdata-dim=\"w:['30px','30px','30px','30px'];h:['59px','59px','59px','59px'];\"\n\t\t\t\t\t\t\t\tdata-vbility=\"t,t,f,f\"\n\t\t\t\t\t\t\t\tdata-actions='o:click;a:jumptoslide;slide:previous;'\n\t\t\t\t\t\t\t\tdata-onslides=\"s:-1;e:-1;\"\n\t\t\t\t\t\t\t\tdata-frame_0=\"tp:600;\"\n\t\t\t\t\t\t\t\tdata-frame_1=\"tp:600;\"\n\t\t\t\t\t\t\t\tdata-frame_999=\"o:0;tp:600;st:w;sR:8700;\"\n\t\t\t\t\t\t\t\tstyle=\"z-index:11;\"\n\t\t\t\t\t\t\t><img loading=\"lazy\" decoding=\"async\" src=\"\/\/mountainshilajit.no\/wp-content\/uploads\/2020\/12\/prev_arrow.png\" class=\"tp-rs-img\" width=\"30\" height=\"59\" data-no-retina> \n\t\t\t\t\t\t\t<\/rs-layer><!--\n\n\t\t\t\t\t\t\t--><rs-layer\n\t\t\t\t\t\t\t\tid=\"slider-1-slide-1-layer-15\" \n\t\t\t\t\t\t\t\tclass=\"frgn_next rs-layer-static\"\n\t\t\t\t\t\t\t\tdata-type=\"image\"\n\t\t\t\t\t\t\t\tdata-rsp_ch=\"on\"\n\t\t\t\t\t\t\t\tdata-xy=\"x:r;y:m;\"\n\t\t\t\t\t\t\t\tdata-text=\"l:22;a:inherit;\"\n\t\t\t\t\t\t\t\tdata-dim=\"w:['30px','30px','30px','30px'];h:['59','59','59','59'];\"\n\t\t\t\t\t\t\t\tdata-vbility=\"t,t,f,f\"\n\t\t\t\t\t\t\t\tdata-actions='o:click;a:jumptoslide;slide:next;'\n\t\t\t\t\t\t\t\tdata-rsp_o=\"off\"\n\t\t\t\t\t\t\t\tdata-onslides=\"s:-1;e:-1;\"\n\t\t\t\t\t\t\t\tdata-frame_0=\"tp:600;\"\n\t\t\t\t\t\t\t\tdata-frame_1=\"tp:600;\"\n\t\t\t\t\t\t\t\tdata-frame_999=\"o:0;tp:600;st:w;sR:8700;\"\n\t\t\t\t\t\t\t\tstyle=\"z-index:12;\"\n\t\t\t\t\t\t\t><img loading=\"lazy\" decoding=\"async\" src=\"\/\/mountainshilajit.no\/wp-content\/uploads\/2020\/12\/next_arrow.png\" class=\"tp-rs-img\" width=\"30\" height=\"59\" data-no-retina> \n\t\t\t\t\t\t\t<\/rs-layer><!--\n\t\t\t\t\t--><\/rs-static-layers>\n\t\t\t\t<\/rs-module>\n\t\t\t\t<script type=\"text\/javascript\">\n\t\t\t\t\tsetREVStartSize({c: 'rev_slider_1_1',rl:[1240,1240,778,480],el:[600,600,400,350],gw:[1200,1200,778,425],gh:[600,600,400,350],type:'hero',justify:'',layout:'fullscreen',offsetContainer:'',offset:'',mh:\"0\"});\n\t\t\t\t\tvar\trevapi1,\n\t\t\t\t\t\ttpj;\n\t\t\t\t\tfunction revinit_revslider11() {\n\t\t\t\t\tjQuery(function() {\n\t\t\t\t\t\ttpj = jQuery;\n\t\t\t\t\t\trevapi1 = tpj(\"#rev_slider_1_1\");\n\t\t\t\t\t\tif(revapi1==undefined || revapi1.revolution == undefined){\n\t\t\t\t\t\t\trevslider_showDoubleJqueryError(\"rev_slider_1_1\");\n\t\t\t\t\t\t}else{\n\t\t\t\t\t\t\trevapi1.revolution({\n\t\t\t\t\t\t\t\tsliderType:\"hero\",\n\t\t\t\t\t\t\t\tDPR:\"dpr\",\n\t\t\t\t\t\t\t\tsliderLayout:\"fullscreen\",\n\t\t\t\t\t\t\t\tvisibilityLevels:\"1240,1240,778,480\",\n\t\t\t\t\t\t\t\tgridwidth:\"1200,1200,778,425\",\n\t\t\t\t\t\t\t\tgridheight:\"600,600,400,350\",\n\t\t\t\t\t\t\t\tspinner:\"spinner0\",\n\t\t\t\t\t\t\t\tperspective:600,\n\t\t\t\t\t\t\t\tperspectiveType:\"local\",\n\t\t\t\t\t\t\t\teditorheight:\"600,600,400,350\",\n\t\t\t\t\t\t\t\tresponsiveLevels:\"1240,1240,778,480\",\n\t\t\t\t\t\t\t\tprogressBar:{disableProgressBar:true},\n\t\t\t\t\t\t\t\tnavigation: {\n\t\t\t\t\t\t\t\t\tonHoverStop:false\n\t\t\t\t\t\t\t\t},\n\t\t\t\t\t\t\t\tfallbacks: {\n\t\t\t\t\t\t\t\t\tallowHTML5AutoPlayOnAndroid:true\n\t\t\t\t\t\t\t\t},\n\t\t\t\t\t\t\t});\n\t\t\t\t\t\t}\n\t\t\t\t\t\t\n\t\t\t\t\t});\n\t\t\t\t\t} \/\/ End of RevInitScript\n\t\t\t\tvar once_revslider11 = false;\n\t\t\t\tif (document.readyState === \"loading\") {document.addEventListener('readystatechange',function() { if((document.readyState === \"interactive\" || document.readyState === \"complete\") && !once_revslider11 ) { once_revslider11 = true; revinit_revslider11();}});} else {once_revslider11 = true; revinit_revslider11();}\n\t\t\t\t<\/script>\n\t\t\t\t<script>\n\t\t\t\t\tvar htmlDivCss = unescape(\".frgn-heading%7B%0A%09font-family%3A%20Brandon%20%21important%3B%0A%7D%0A.rev-btn%7B%0A%20%20%09display%3A%20inline-block%3B%0A%20%20%20%20position%3A%20relative%3B%0A%20%20%20%20color%3A%20%23333%3B%0A%20%20%20%20padding%3A%2015px%2050px%20%21important%3B%0A%20%20%20%20%2F%2Aborder%3A%202px%20solid%20%21important%3B%2A%2F%0A%20%20%20%20font-size%3A%2011px%3B%0A%20%20%20%20text-transform%3A%20uppercase%3B%0A%20%20%20%20letter-spacing%3A%201px%3B%0A%20%20%20%20font-weight%3A%20600%3B%0A%7D%0A.frgn_custom_arrow%7B%0A%09text-transform%3A%20uppercase%3B%0A%20%20%09cursor%3A%20pointer%3B%0A%7D\");\n\t\t\t\t\tvar htmlDiv = document.getElementById('rs-plugin-settings-inline-css');\n\t\t\t\t\tif(htmlDiv) {\n\t\t\t\t\t\thtmlDiv.innerHTML = htmlDiv.innerHTML + htmlDivCss;\n\t\t\t\t\t}else{\n\t\t\t\t\t\tvar htmlDiv = document.createElement('div');\n\t\t\t\t\t\thtmlDiv.innerHTML = '<style>' + htmlDivCss + '<\/style>';\n\t\t\t\t\t\tdocument.getElementsByTagName('head')[0].appendChild(htmlDiv.childNodes[0]);\n\t\t\t\t\t}\n\t\t\t\t<\/script>\n\t\t\t<\/rs-module-wrap>\n\t\t\t<!-- END REVOLUTION SLIDER -->\n[\/vc_column][\/vc_row][vc_row css=&raquo;.vc_custom_1711660035833{padding-top: 100px !important;padding-bottom: 80px !important;}&raquo; el_id=&raquo;bakgrunn&raquo; el_class=&raquo;services&raquo;][vc_column width=&raquo;1\/6&#8243;][\/vc_column][vc_column width=&raquo;2\/3&#8243;][vc_custom_heading text=&raquo;Legenden om Shilajit&raquo; font_container=&raquo;tag:h1|font_size:50|text_align:center&raquo; use_theme_fonts=&raquo;yes&raquo;][vc_custom_heading text=&raquo;Hemmeligheten bak krigernes uovervinnelighet&raquo; font_container=&raquo;tag:h2|font_size:30|text_align:center&raquo; use_theme_fonts=&raquo;yes&raquo;][vc_column_text]I skjulte templer og blant ruiner av gamle sivilisasjoner hviler historien om Shilajit, en mystisk substans som har gitt krigere uante krefter gjennom \u00e5rhundrene. Gjennom flere epoker har denne eliksiren av styrke og vitalitet v\u00e6rt kjent blant legendariske krigere som Alexander den store og Djengis Khan.<\/p>\n<p>I gamle manuskripter og inskripsjoner blir Shilajit omtalt som &#8216;Erobreren av fjellene&#8217;, et passende navn for en substans som har overvunnet selv de mest ugjestmilde terreng. Dens opprinnelse, innhyllet i mysterium og intriger, stammer fra de dype dalene i Nepal, der den ble ansett som &#8216;\u00d8deleggeren av svakhet&#8217; av de innf\u00f8dte.<\/p>\n<p>Fra de gamle indiske sivilisasjonenes klosterhuler til nomadefolkene i Sentral-Asia har Shilajit blitt dyrket som en kraftig eliksir, en kilde til vitalitet og styrke som kan vekke selv de mest utmattede krigere til liv. Legender om dens virkninger har blitt videref\u00f8rt fra generasjon til generasjon, og dens rykte strekker seg langt tilbake i tid, tilbake til epoker da mennesker knapt visste om verden utenfor sine egne landsbyer.<\/p>\n<p>Gjennom tusenvis av \u00e5r har Shilajit forblitt en katalysator for legendariske bedrifter og erobringer, en uunnv\u00e6rlig f\u00f8lgesvenn for de som s\u00f8ker seier og overlegenhet. Dets historie er en saga fylt med eventyr, utforskning og utrolige oppdagelser, og dens egenskaper er fortsatt like forbl\u00f8ffende i dag som de var i fortiden.[\/vc_column_text][\/vc_column][vc_column width=&raquo;1\/6&#8243;][\/vc_column][\/vc_row][vc_row css=&raquo;.vc_custom_1711660596785{padding-top: 100px !important;padding-bottom: 80px !important;}&raquo; el_class=&raquo;services&raquo;][vc_column width=&raquo;1\/6&#8243;][\/vc_column][vc_column width=&raquo;2\/3&#8243;][vc_custom_heading text=&raquo;Hva er Shilajit&raquo; font_container=&raquo;tag:h1|font_size:50|text_align:center&raquo; use_theme_fonts=&raquo;yes&raquo;][vc_column_text]\n<div class=\"flex-1 overflow-hidden\">\n<div class=\"react-scroll-to-bottom--css-usmag-79elbk h-full\">\n<div class=\"react-scroll-to-bottom--css-usmag-1n7m0yu\">\n<div class=\"flex flex-col text-sm pb-9\">\n<div class=\"w-full text-token-text-primary\" data-testid=\"conversation-turn-5\">\n<div class=\"px-4 py-2 justify-center text-base md:gap-6 m-auto\">\n<div class=\"flex flex-1 text-base mx-auto gap-3 md:px-5 lg:px-1 xl:px-5 md:max-w-3xl lg:max-w-[40rem] xl:max-w-[48rem] group final-completion\">\n<div class=\"relative flex w-full flex-col agent-turn\">\n<div class=\"flex-col gap-1 md:gap-3\">\n<div class=\"flex flex-grow flex-col max-w-full\">\n<div class=\"min-h-[20px] text-message flex flex-col items-start gap-3 whitespace-pre-wrap break-words [.text-message+&amp;]:mt-5 overflow-x-auto\" data-message-author-role=\"assistant\" data-message-id=\"3b80bf44-d704-41ea-bef3-0508c30a7fd3\">\n<div class=\"markdown prose w-full break-words dark:prose-invert light\">\n<p>Shilajit er en naturlig substans som har blitt brukt i \u00e5rhundrer i tradisjonell medisin, spesielt i regioner som Himalaya, Tibet og Sentral-Asia. Den er dannet gjennom naturlige prosesser over lang tid og best\u00e5r hovedsakelig av mineraler, organiske stoffer og plantemateriale.<\/p>\n<p>Denne mystiske substansen har f\u00e5tt oppmerksomhet p\u00e5 grunn av sine potensielle helsemessige fordeler. Blant de antatte fordelene er \u00f8kt energi og vitalitet, forbedret kognitiv funksjon, styrking av immunsystemet, og til og med st\u00f8tte til hjerte- og leddhelse. Shilajit har ogs\u00e5 blitt brukt tradisjonelt for \u00e5 hjelpe til med \u00e5 lindre betennelse, \u00f8ke styrke og utholdenhet, samt forbedre generell velv\u00e6re.<\/p>\n<p>Forskning p\u00e5 Shilajits egenskaper og fordeler p\u00e5g\u00e5r fortsatt, men flere studier har indikert potensielle helsemessige fordeler av denne naturlige substansen. Det er viktig \u00e5 merke seg at Shilajit b\u00f8r brukes med forsiktighet og under veiledning av helsepersonell, spesielt hvis det tas i form av kosttilskudd.<\/p>\n<p>Som med enhver urtemedisin eller kosttilskudd, er det viktig \u00e5 v\u00e6re informert og konsultere en lege f\u00f8r du begynner \u00e5 bruke Shilajit, spesielt hvis du har underliggende helseproblemer eller tar medisiner. Men for mange mennesker fortsetter Shilajit \u00e5 v\u00e6re et fascinerende naturprodukt som gir h\u00e5p om bedre helse og velv\u00e6re.<\/p>\n<\/div>\n<\/div>\n<\/div>\n<\/div>\n<\/div>\n<\/div>\n<\/div>\n<\/div>\n<\/div>\n<\/div>\n<\/div>\n<\/div>\n<div class=\"w-full pt-2 md:pt-0 dark:border-white\/20 md:border-transparent md:dark:border-transparent md:w-[calc(100%-.5rem)]\">\n<form class=\"stretch mx-2 flex flex-row gap-3 last:mb-2 md:mx-4 md:last:mb-6 lg:mx-auto lg:max-w-2xl xl:max-w-3xl\">\n<div class=\"relative flex h-full flex-1 flex-col\">\n<div class=\"flex w-full items-center\"><\/div>\n<\/div>\n<\/form>\n<\/div>\n[\/vc_column_text][\/vc_column][vc_column width=&raquo;1\/6&#8243;][vc_single_image image=&raquo;9544&#8243; alignment=&raquo;center&raquo;][\/vc_column][\/vc_row][vc_row css=&raquo;.vc_custom_1711660035833{padding-top: 100px !important;padding-bottom: 80px !important;}&raquo; el_class=&raquo;services&raquo;][vc_column width=&raquo;1\/6&#8243;][\/vc_column][vc_column width=&raquo;2\/3&#8243;][vc_custom_heading text=&raquo;Kj\u00f8p Shilajit&raquo; font_container=&raquo;tag:h1|font_size:50|text_align:center&raquo; use_theme_fonts=&raquo;yes&raquo;]<div class=\"woocommerce \"><ul class=\"products columns-2\">\n<li class=\"product type-product post-9552 status-publish first instock product_cat-ukategorisert product_tag-shilajit has-post-thumbnail taxable shipping-taxable purchasable product-type-simple\">\n\t<a href=\"https:\/\/mountainshilajit.no\/?product=shilajit-resin-50g\" class=\"woocommerce-LoopProduct-link woocommerce-loop-product__link\"><div class=\"frgn-product-image-holder\"><img loading=\"lazy\" decoding=\"async\" width=\"768\" height=\"768\" src=\"https:\/\/mountainshilajit.no\/wp-content\/uploads\/2024\/03\/shilajit.webp\" class=\"attachment-shop_catalog size-shop_catalog wp-post-image\" alt=\"\" srcset=\"https:\/\/mountainshilajit.no\/wp-content\/uploads\/2024\/03\/shilajit.webp 768w, https:\/\/mountainshilajit.no\/wp-content\/uploads\/2024\/03\/shilajit-300x300.webp 300w, https:\/\/mountainshilajit.no\/wp-content\/uploads\/2024\/03\/shilajit-150x150.webp 150w, https:\/\/mountainshilajit.no\/wp-content\/uploads\/2024\/03\/shilajit-600x600.webp 600w, https:\/\/mountainshilajit.no\/wp-content\/uploads\/2024\/03\/shilajit-400x400.webp 400w, https:\/\/mountainshilajit.no\/wp-content\/uploads\/2024\/03\/shilajit-550x550.webp 550w, https:\/\/mountainshilajit.no\/wp-content\/uploads\/2024\/03\/shilajit-155x155.webp 155w\" sizes=\"auto, (max-width: 768px) 100vw, 768px\" \/><\/div><h2 class=\"woocommerce-loop-product__title\">Shilajit Resin 50g<\/h2>\n\t<span class=\"price\"><span class=\"woocommerce-Price-amount amount\"><bdi><span class=\"woocommerce-Price-currencySymbol\">&#107;&#114;<\/span>&nbsp;599,00<\/bdi><\/span><\/span>\n<div class=\"frgn-product-btn-holder\"><\/div><\/a><a href=\"?add-to-cart=9552\" data-quantity=\"1\" class=\"button product_type_simple add_to_cart_button ajax_add_to_cart frgn_add_to_cart_button \" data-product_id=\"9552\" data-product_sku=\"1000\" aria-label=\"Legg i handlekurv: \u00abShilajit Resin 50g\u00bb\" rel=\"nofollow\"><i class=\"icon-shopping-bag1\"><\/i><span>Legg i handlekurv<\/span><\/a>\t<span id=\"woocommerce_loop_add_to_cart_link_describedby_9552\" class=\"screen-reader-text\">\n\t\t\t<\/span>\n<\/li>\n<\/ul>\n<\/div>[\/vc_column][vc_column width=&raquo;1\/6&#8243;][\/vc_column][\/vc_row]\n","protected":false},"excerpt":{"rendered":"<p>[vc_row full_height=&raquo;yes&raquo; css=&raquo;.vc_custom_1608824154582{background-position: center !important;background-repeat: no-repeat !important;background-size: cover !important;}&raquo;][vc_column][\/vc_column][\/vc_row][vc_row css=&raquo;.vc_custom_1711660035833{padding-top: 100px !important;padding-bottom: 80px !important;}&raquo; el_id=&raquo;bakgrunn&raquo; el_class=&raquo;services&raquo;][vc_column width=&raquo;1\/6&#8243;][\/vc_column][vc_column width=&raquo;2\/3&#8243;][vc_custom_heading text=&raquo;Legenden om Shilajit&raquo; font_container=&raquo;tag:h1|font_size:50|text_align:center&raquo; use_theme_fonts=&raquo;yes&raquo;][vc_custom_heading text=&raquo;Hemmeligheten bak krigernes uovervinnelighet&raquo; font_container=&raquo;tag:h2|font_size:30|text_align:center&raquo; use_theme_fonts=&raquo;yes&raquo;][vc_column_text]I skjulte templer og blant ruiner av gamle sivilisasjoner hviler historien om Shilajit, en mystisk substans som har gitt krigere uante krefter gjennom \u00e5rhundrene. Gjennom flere epoker [&hellip;]<\/p>\n","protected":false},"author":1,"featured_media":0,"parent":0,"menu_order":0,"comment_status":"closed","ping_status":"closed","template":"page-fullwidth.php","meta":{"footnotes":""},"class_list":["post-9514","page","type-page","status-publish","hentry"],"jetpack_sharing_enabled":true,"_links":{"self":[{"href":"https:\/\/mountainshilajit.no\/index.php?rest_route=\/wp\/v2\/pages\/9514","targetHints":{"allow":["GET"]}}],"collection":[{"href":"https:\/\/mountainshilajit.no\/index.php?rest_route=\/wp\/v2\/pages"}],"about":[{"href":"https:\/\/mountainshilajit.no\/index.php?rest_route=\/wp\/v2\/types\/page"}],"author":[{"embeddable":true,"href":"https:\/\/mountainshilajit.no\/index.php?rest_route=\/wp\/v2\/users\/1"}],"replies":[{"embeddable":true,"href":"https:\/\/mountainshilajit.no\/index.php?rest_route=%2Fwp%2Fv2%2Fcomments&post=9514"}],"version-history":[{"count":22,"href":"https:\/\/mountainshilajit.no\/index.php?rest_route=\/wp\/v2\/pages\/9514\/revisions"}],"predecessor-version":[{"id":9555,"href":"https:\/\/mountainshilajit.no\/index.php?rest_route=\/wp\/v2\/pages\/9514\/revisions\/9555"}],"wp:attachment":[{"href":"https:\/\/mountainshilajit.no\/index.php?rest_route=%2Fwp%2Fv2%2Fmedia&parent=9514"}],"curies":[{"name":"wp","href":"https:\/\/api.w.org\/{rel}","templated":true}]}}